{"id":3082,"date":"2025-04-22T14:17:09","date_gmt":"2025-04-22T14:17:09","guid":{"rendered":"https:\/\/www.thomazine.com.br\/advocacia\/?page_id=3082"},"modified":"2025-07-07T19:35:16","modified_gmt":"2025-07-07T19:35:16","slug":"linktree","status":"publish","type":"page","link":"https:\/\/www.thomazine.com.br\/advocacia\/","title":{"rendered":"LinkTree"},"content":{"rendered":"\t\t<div data-elementor-type=\"wp-page\" data-elementor-id=\"3082\" class=\"elementor elementor-3082\" data-elementor-post-type=\"page\">\n\t\t\t\t\t\t<section class=\"elementor-section elementor-top-section elementor-element elementor-element-7a24f32 elementor-section-boxed elementor-section-height-default elementor-section-height-default\" data-id=\"7a24f32\" data-element_type=\"section\" data-settings=\"{&quot;background_background&quot;:&quot;classic&quot;}\">\n\t\t\t\t\t\t<div class=\"elementor-container elementor-column-gap-extended\">\n\t\t\t\t\t<div class=\"elementor-column elementor-col-100 elementor-top-column elementor-element elementor-element-3c4ccaa\" data-id=\"3c4ccaa\" data-element_type=\"column\">\n\t\t\t<div class=\"elementor-widget-wrap elementor-element-populated\">\n\t\t\t\t\t\t<div class=\"elementor-element elementor-element-636901a elementor-widget elementor-widget-image\" data-id=\"636901a\" data-element_type=\"widget\" data-widget_type=\"image.default\">\n\t\t\t\t<div class=\"elementor-widget-container\">\n\t\t\t\t\t\t\t\t\t\t\t\t\t\t\t<img fetchpriority=\"high\" decoding=\"async\" width=\"800\" height=\"181\" src=\"https:\/\/www.thomazine.com.br\/advocacia\/wp-content\/uploads\/2024\/03\/logo-thomazine-1024x232.png\" class=\"attachment-large size-large wp-image-1964\" alt=\"\" srcset=\"https:\/\/www.thomazine.com.br\/advocacia\/wp-content\/uploads\/2024\/03\/logo-thomazine-1024x232.png 1024w, https:\/\/www.thomazine.com.br\/advocacia\/wp-content\/uploads\/2024\/03\/logo-thomazine-300x68.png 300w, https:\/\/www.thomazine.com.br\/advocacia\/wp-content\/uploads\/2024\/03\/logo-thomazine-768x174.png 768w, https:\/\/www.thomazine.com.br\/advocacia\/wp-content\/uploads\/2024\/03\/logo-thomazine.png 1080w\" sizes=\"(max-width: 800px) 100vw, 800px\" \/>\t\t\t\t\t\t\t\t\t\t\t\t\t\t\t<\/div>\n\t\t\t\t<\/div>\n\t\t\t\t<div class=\"elementor-element elementor-element-ff9c87a elementor-widget elementor-widget-image\" data-id=\"ff9c87a\" data-element_type=\"widget\" data-widget_type=\"image.default\">\n\t\t\t\t<div class=\"elementor-widget-container\">\n\t\t\t\t\t\t\t\t\t\t\t\t\t\t\t<img decoding=\"async\" width=\"800\" height=\"800\" src=\"https:\/\/www.thomazine.com.br\/advocacia\/wp-content\/uploads\/2025\/04\/thomazine-1024x1024.png\" class=\"attachment-large size-large wp-image-3315\" alt=\"\" srcset=\"https:\/\/www.thomazine.com.br\/advocacia\/wp-content\/uploads\/2025\/04\/thomazine-1024x1024.png 1024w, https:\/\/www.thomazine.com.br\/advocacia\/wp-content\/uploads\/2025\/04\/thomazine-300x300.png 300w, https:\/\/www.thomazine.com.br\/advocacia\/wp-content\/uploads\/2025\/04\/thomazine-150x150.png 150w, https:\/\/www.thomazine.com.br\/advocacia\/wp-content\/uploads\/2025\/04\/thomazine-768x768.png 768w, https:\/\/www.thomazine.com.br\/advocacia\/wp-content\/uploads\/2025\/04\/thomazine.png 1080w\" sizes=\"(max-width: 800px) 100vw, 800px\" \/>\t\t\t\t\t\t\t\t\t\t\t\t\t\t\t<\/div>\n\t\t\t\t<\/div>\n\t\t\t\t<div class=\"elementor-element elementor-element-524e4ff elementor-widget elementor-widget-heading\" data-id=\"524e4ff\" data-element_type=\"widget\" data-widget_type=\"heading.default\">\n\t\t\t\t<div class=\"elementor-widget-container\">\n\t\t\t\t\t<h2 class=\"elementor-heading-title elementor-size-default\">Escolha a \u00e1rea de atua\u00e7\u00e3o do seu interesse abaixo:<\/h2>\t\t\t\t<\/div>\n\t\t\t\t<\/div>\n\t\t\t\t<div class=\"elementor-element elementor-element-3dcb31c elementor-align-justify elementor-tablet-align-left elementor-mobile-align-justify elementor-invisible elementor-widget elementor-widget-button\" data-id=\"3dcb31c\" data-element_type=\"widget\" data-settings=\"{&quot;_animation&quot;:&quot;fadeInUp&quot;}\" data-widget_type=\"button.default\">\n\t\t\t\t<div class=\"elementor-widget-container\">\n\t\t\t\t\t\t\t\t\t<div class=\"elementor-button-wrapper\">\n\t\t\t\t\t<a class=\"elementor-button elementor-button-link elementor-size-sm\" href=\"https:\/\/www.thomazine.com.br\/advocacia\/direito-da-saude\/\" target=\"_blank\">\n\t\t\t\t\t\t<span class=\"elementor-button-content-wrapper\">\n\t\t\t\t\t\t<span class=\"elementor-button-icon\">\n\t\t\t\t<i aria-hidden=\"true\" class=\"fas fa-arrow-right\"><\/i>\t\t\t<\/span>\n\t\t\t\t\t\t\t\t\t<span class=\"elementor-button-text\">Direito da Sa\u00fade<\/span>\n\t\t\t\t\t<\/span>\n\t\t\t\t\t<\/a>\n\t\t\t\t<\/div>\n\t\t\t\t\t\t\t\t<\/div>\n\t\t\t\t<\/div>\n\t\t\t\t<div class=\"elementor-element elementor-element-f1434c0 elementor-align-justify elementor-tablet-align-left elementor-mobile-align-justify elementor-invisible elementor-widget elementor-widget-button\" data-id=\"f1434c0\" data-element_type=\"widget\" data-settings=\"{&quot;_animation&quot;:&quot;fadeInUp&quot;}\" data-widget_type=\"button.default\">\n\t\t\t\t<div class=\"elementor-widget-container\">\n\t\t\t\t\t\t\t\t\t<div class=\"elementor-button-wrapper\">\n\t\t\t\t\t<a class=\"elementor-button elementor-button-link elementor-size-sm\" href=\"https:\/\/www.thomazine.com.br\/advocacia\/direito-imobiliario\/\" target=\"_blank\">\n\t\t\t\t\t\t<span class=\"elementor-button-content-wrapper\">\n\t\t\t\t\t\t<span class=\"elementor-button-icon\">\n\t\t\t\t<i aria-hidden=\"true\" class=\"fas fa-arrow-right\"><\/i>\t\t\t<\/span>\n\t\t\t\t\t\t\t\t\t<span class=\"elementor-button-text\">Direito Imobili\u00e1rio<\/span>\n\t\t\t\t\t<\/span>\n\t\t\t\t\t<\/a>\n\t\t\t\t<\/div>\n\t\t\t\t\t\t\t\t<\/div>\n\t\t\t\t<\/div>\n\t\t\t\t<div class=\"elementor-element elementor-element-f9b4170 elementor-shape-circle e-grid-align-mobile-center elementor-grid-0 e-grid-align-center elementor-widget elementor-widget-social-icons\" data-id=\"f9b4170\" data-element_type=\"widget\" data-widget_type=\"social-icons.default\">\n\t\t\t\t<div class=\"elementor-widget-container\">\n\t\t\t\t\t\t\t<div class=\"elementor-social-icons-wrapper elementor-grid\">\n\t\t\t\t\t\t\t<span class=\"elementor-grid-item\">\n\t\t\t\t\t<a class=\"elementor-icon elementor-social-icon elementor-social-icon-facebook-f elementor-animation-pulse-shrink elementor-repeater-item-d07cfdd\" href=\"https:\/\/www.facebook.com\/thomazineadvocacia\" target=\"_blank\">\n\t\t\t\t\t\t<span class=\"elementor-screen-only\">Facebook-f<\/span>\n\t\t\t\t\t\t<i class=\"fab fa-facebook-f\"><\/i>\t\t\t\t\t<\/a>\n\t\t\t\t<\/span>\n\t\t\t\t\t\t\t<span class=\"elementor-grid-item\">\n\t\t\t\t\t<a class=\"elementor-icon elementor-social-icon elementor-social-icon-linkedin elementor-animation-pulse-shrink elementor-repeater-item-01940da\" href=\"https:\/\/br.linkedin.com\/company\/thomazine-advocacia\" target=\"_blank\">\n\t\t\t\t\t\t<span class=\"elementor-screen-only\">Linkedin<\/span>\n\t\t\t\t\t\t<i class=\"fab fa-linkedin\"><\/i>\t\t\t\t\t<\/a>\n\t\t\t\t<\/span>\n\t\t\t\t\t\t\t<span class=\"elementor-grid-item\">\n\t\t\t\t\t<a class=\"elementor-icon elementor-social-icon elementor-social-icon-instagram elementor-animation-pulse-shrink elementor-repeater-item-232025e\" href=\"https:\/\/www.instagram.com\/rodolphothomazine\" target=\"_blank\">\n\t\t\t\t\t\t<span class=\"elementor-screen-only\">Instagram<\/span>\n\t\t\t\t\t\t<i class=\"fab fa-instagram\"><\/i>\t\t\t\t\t<\/a>\n\t\t\t\t<\/span>\n\t\t\t\t\t\t\t<span class=\"elementor-grid-item\">\n\t\t\t\t\t<a class=\"elementor-icon elementor-social-icon elementor-social-icon-whatsapp elementor-animation-pulse-shrink elementor-repeater-item-0a814b7\" href=\"https:\/\/api.whatsapp.com\/send\/?phone=%2B5522999996702&#038;text&#038;type=phone_number&#038;app_absent=0\" target=\"_blank\">\n\t\t\t\t\t\t<span class=\"elementor-screen-only\">Whatsapp<\/span>\n\t\t\t\t\t\t<i class=\"fab fa-whatsapp\"><\/i>\t\t\t\t\t<\/a>\n\t\t\t\t<\/span>\n\t\t\t\t\t<\/div>\n\t\t\t\t\t\t<\/div>\n\t\t\t\t<\/div>\n\t\t\t\t<div class=\"elementor-element elementor-element-3b914af elementor-widget elementor-widget-text-editor\" data-id=\"3b914af\" data-element_type=\"widget\" data-widget_type=\"text-editor.default\">\n\t\t\t\t<div class=\"elementor-widget-container\">\n\t\t\t\t\t\t\t\t\t<p><strong>OAB\/RJ 17.165\/2018 <\/strong><\/p>\t\t\t\t\t\t\t\t<\/div>\n\t\t\t\t<\/div>\n\t\t\t\t\t<\/div>\n\t\t<\/div>\n\t\t\t\t\t<\/div>\n\t\t<\/section>\n\t\t<div class=\"elementor-element elementor-element-1e87460 e-flex e-con-boxed e-con e-parent\" data-id=\"1e87460\" data-element_type=\"container\" data-settings=\"{&quot;background_background&quot;:&quot;classic&quot;}\">\n\t\t\t\t\t<div class=\"e-con-inner\">\n\t\t\t\t<div class=\"elementor-element elementor-element-aa86edb elementor-widget__width-auto elementor-widget elementor-widget-heading\" data-id=\"aa86edb\" data-element_type=\"widget\" data-widget_type=\"heading.default\">\n\t\t\t\t<div class=\"elementor-widget-container\">\n\t\t\t\t\t<h2 class=\"elementor-heading-title elementor-size-default\">@2025 Todos os direitos reservados a Thomazine Advocacia | Site desenvolvido por LRG Criativo<\/h2>\t\t\t\t<\/div>\n\t\t\t\t<\/div>\n\t\t\t\t\t<\/div>\n\t\t\t\t<\/div>\n\t\t\t\t<\/div>\n\t\t","protected":false},"excerpt":{"rendered":"<p>Escolha a \u00e1rea de atua\u00e7\u00e3o do seu interesse abaixo: Direito da Sa\u00fade Direito Imobili\u00e1rio Facebook-f Linkedin Instagram Whatsapp OAB\/RJ 17.165\/2018 @2025 Todos os direitos reservados a Thomazine Advocacia | Site desenvolvido por LRG Criativo<\/p>\n","protected":false},"author":1,"featured_media":0,"parent":0,"menu_order":0,"comment_status":"closed","ping_status":"closed","template":"elementor_canvas","meta":{"rop_custom_images_group":[],"rop_custom_messages_group":[],"rop_publish_now":"initial","rop_publish_now_accounts":[],"rop_publish_now_history":[],"rop_publish_now_status":"pending","_joinchat":[],"footnotes":""},"class_list":["post-3082","page","type-page","status-publish","hentry"],"yoast_head":"<!-- This site is optimized with the Yoast SEO plugin v26.9 - https:\/\/yoast.com\/product\/yoast-seo-wordpress\/ -->\n<title>LinkTree<\/title>\n<meta name=\"description\" content=\"Escolha a \u00e1rea de atua\u00e7\u00e3o do seu interesse abaixo: Direito da Sa\u00fade Direito Imobili\u00e1rio Facebook-f Linkedin Instagram Whatsapp OAB\/RJ 17.165\/2018 @2025\" \/>\n<meta name=\"robots\" content=\"index, follow, max-snippet:-1, max-image-preview:large, max-video-preview:-1\" \/>\n<link rel=\"canonical\" href=\"http:\/\/www.thomazine.com.br\/advocacia\/\" \/>\n<meta property=\"og:locale\" content=\"pt_BR\" \/>\n<meta property=\"og:type\" content=\"article\" \/>\n<meta property=\"og:title\" content=\"LinkTree\" \/>\n<meta property=\"og:description\" content=\"Escolha a \u00e1rea de atua\u00e7\u00e3o do seu interesse abaixo: Direito da Sa\u00fade Direito Imobili\u00e1rio Facebook-f Linkedin Instagram Whatsapp OAB\/RJ 17.165\/2018 @2025\" \/>\n<meta property=\"og:url\" content=\"http:\/\/www.thomazine.com.br\/advocacia\/\" \/>\n<meta property=\"article:modified_time\" content=\"2025-07-07T19:35:16+00:00\" \/>\n<meta property=\"og:image\" content=\"http:\/\/www.thomazine.com.br\/advocacia\/wp-content\/uploads\/2024\/03\/logo-thomazine-1024x232.png\" \/>\n<meta name=\"twitter:card\" content=\"summary_large_image\" \/>\n<meta name=\"twitter:label1\" content=\"Est. tempo de leitura\" \/>\n\t<meta name=\"twitter:data1\" content=\"1 minuto\" \/>\n<script type=\"application\/ld+json\" class=\"yoast-schema-graph\">{\"@context\":\"https:\/\/schema.org\",\"@graph\":[{\"@type\":\"WebPage\",\"@id\":\"http:\/\/www.thomazine.com.br\/advocacia\/\",\"url\":\"http:\/\/www.thomazine.com.br\/advocacia\/\",\"name\":\"LinkTree\",\"isPartOf\":{\"@id\":\"http:\/\/www.thomazine.com.br\/advocacia\/#website\"},\"primaryImageOfPage\":{\"@id\":\"http:\/\/www.thomazine.com.br\/advocacia\/#primaryimage\"},\"image\":{\"@id\":\"http:\/\/www.thomazine.com.br\/advocacia\/#primaryimage\"},\"thumbnailUrl\":\"http:\/\/www.thomazine.com.br\/advocacia\/wp-content\/uploads\/2024\/03\/logo-thomazine-1024x232.png\",\"datePublished\":\"2025-04-22T14:17:09+00:00\",\"dateModified\":\"2025-07-07T19:35:16+00:00\",\"description\":\"Escolha a \u00e1rea de atua\u00e7\u00e3o do seu interesse abaixo: Direito da Sa\u00fade Direito Imobili\u00e1rio Facebook-f Linkedin Instagram Whatsapp OAB\/RJ 17.165\/2018 @2025\",\"breadcrumb\":{\"@id\":\"http:\/\/www.thomazine.com.br\/advocacia\/#breadcrumb\"},\"inLanguage\":\"pt-BR\",\"potentialAction\":[{\"@type\":\"ReadAction\",\"target\":[\"http:\/\/www.thomazine.com.br\/advocacia\/\"]}]},{\"@type\":\"ImageObject\",\"inLanguage\":\"pt-BR\",\"@id\":\"http:\/\/www.thomazine.com.br\/advocacia\/#primaryimage\",\"url\":\"https:\/\/www.thomazine.com.br\/advocacia\/wp-content\/uploads\/2024\/03\/logo-thomazine.png\",\"contentUrl\":\"https:\/\/www.thomazine.com.br\/advocacia\/wp-content\/uploads\/2024\/03\/logo-thomazine.png\",\"width\":1080,\"height\":245},{\"@type\":\"BreadcrumbList\",\"@id\":\"http:\/\/www.thomazine.com.br\/advocacia\/#breadcrumb\",\"itemListElement\":[{\"@type\":\"ListItem\",\"position\":1,\"name\":\"In\u00edcio\",\"item\":\"http:\/\/www.thomazine.com.br\/advocacia\/\"},{\"@type\":\"ListItem\",\"position\":2,\"name\":\"LinkTree\"}]},{\"@type\":\"WebSite\",\"@id\":\"http:\/\/www.thomazine.com.br\/advocacia\/#website\",\"url\":\"http:\/\/www.thomazine.com.br\/advocacia\/\",\"name\":\"\",\"description\":\"\",\"potentialAction\":[{\"@type\":\"SearchAction\",\"target\":{\"@type\":\"EntryPoint\",\"urlTemplate\":\"http:\/\/www.thomazine.com.br\/advocacia\/?s={search_term_string}\"},\"query-input\":{\"@type\":\"PropertyValueSpecification\",\"valueRequired\":true,\"valueName\":\"search_term_string\"}}],\"inLanguage\":\"pt-BR\"}]}<\/script>\n<!-- \/ Yoast SEO plugin. -->","yoast_head_json":{"title":"LinkTree","description":"Escolha a \u00e1rea de atua\u00e7\u00e3o do seu interesse abaixo: Direito da Sa\u00fade Direito Imobili\u00e1rio Facebook-f Linkedin Instagram Whatsapp OAB\/RJ 17.165\/2018 @2025","robots":{"index":"index","follow":"follow","max-snippet":"max-snippet:-1","max-image-preview":"max-image-preview:large","max-video-preview":"max-video-preview:-1"},"canonical":"http:\/\/www.thomazine.com.br\/advocacia\/","og_locale":"pt_BR","og_type":"article","og_title":"LinkTree","og_description":"Escolha a \u00e1rea de atua\u00e7\u00e3o do seu interesse abaixo: Direito da Sa\u00fade Direito Imobili\u00e1rio Facebook-f Linkedin Instagram Whatsapp OAB\/RJ 17.165\/2018 @2025","og_url":"http:\/\/www.thomazine.com.br\/advocacia\/","article_modified_time":"2025-07-07T19:35:16+00:00","og_image":[{"url":"http:\/\/www.thomazine.com.br\/advocacia\/wp-content\/uploads\/2024\/03\/logo-thomazine-1024x232.png","type":"","width":"","height":""}],"twitter_card":"summary_large_image","twitter_misc":{"Est. tempo de leitura":"1 minuto"},"schema":{"@context":"https:\/\/schema.org","@graph":[{"@type":"WebPage","@id":"http:\/\/www.thomazine.com.br\/advocacia\/","url":"http:\/\/www.thomazine.com.br\/advocacia\/","name":"LinkTree","isPartOf":{"@id":"http:\/\/www.thomazine.com.br\/advocacia\/#website"},"primaryImageOfPage":{"@id":"http:\/\/www.thomazine.com.br\/advocacia\/#primaryimage"},"image":{"@id":"http:\/\/www.thomazine.com.br\/advocacia\/#primaryimage"},"thumbnailUrl":"http:\/\/www.thomazine.com.br\/advocacia\/wp-content\/uploads\/2024\/03\/logo-thomazine-1024x232.png","datePublished":"2025-04-22T14:17:09+00:00","dateModified":"2025-07-07T19:35:16+00:00","description":"Escolha a \u00e1rea de atua\u00e7\u00e3o do seu interesse abaixo: Direito da Sa\u00fade Direito Imobili\u00e1rio Facebook-f Linkedin Instagram Whatsapp OAB\/RJ 17.165\/2018 @2025","breadcrumb":{"@id":"http:\/\/www.thomazine.com.br\/advocacia\/#breadcrumb"},"inLanguage":"pt-BR","potentialAction":[{"@type":"ReadAction","target":["http:\/\/www.thomazine.com.br\/advocacia\/"]}]},{"@type":"ImageObject","inLanguage":"pt-BR","@id":"http:\/\/www.thomazine.com.br\/advocacia\/#primaryimage","url":"https:\/\/www.thomazine.com.br\/advocacia\/wp-content\/uploads\/2024\/03\/logo-thomazine.png","contentUrl":"https:\/\/www.thomazine.com.br\/advocacia\/wp-content\/uploads\/2024\/03\/logo-thomazine.png","width":1080,"height":245},{"@type":"BreadcrumbList","@id":"http:\/\/www.thomazine.com.br\/advocacia\/#breadcrumb","itemListElement":[{"@type":"ListItem","position":1,"name":"In\u00edcio","item":"http:\/\/www.thomazine.com.br\/advocacia\/"},{"@type":"ListItem","position":2,"name":"LinkTree"}]},{"@type":"WebSite","@id":"http:\/\/www.thomazine.com.br\/advocacia\/#website","url":"http:\/\/www.thomazine.com.br\/advocacia\/","name":"","description":"","potentialAction":[{"@type":"SearchAction","target":{"@type":"EntryPoint","urlTemplate":"http:\/\/www.thomazine.com.br\/advocacia\/?s={search_term_string}"},"query-input":{"@type":"PropertyValueSpecification","valueRequired":true,"valueName":"search_term_string"}}],"inLanguage":"pt-BR"}]}},"_links":{"self":[{"href":"https:\/\/www.thomazine.com.br\/advocacia\/wp-json\/wp\/v2\/pages\/3082","targetHints":{"allow":["GET"]}}],"collection":[{"href":"https:\/\/www.thomazine.com.br\/advocacia\/wp-json\/wp\/v2\/pages"}],"about":[{"href":"https:\/\/www.thomazine.com.br\/advocacia\/wp-json\/wp\/v2\/types\/page"}],"author":[{"embeddable":true,"href":"https:\/\/www.thomazine.com.br\/advocacia\/wp-json\/wp\/v2\/users\/1"}],"replies":[{"embeddable":true,"href":"https:\/\/www.thomazine.com.br\/advocacia\/wp-json\/wp\/v2\/comments?post=3082"}],"version-history":[{"count":46,"href":"https:\/\/www.thomazine.com.br\/advocacia\/wp-json\/wp\/v2\/pages\/3082\/revisions"}],"predecessor-version":[{"id":3531,"href":"https:\/\/www.thomazine.com.br\/advocacia\/wp-json\/wp\/v2\/pages\/3082\/revisions\/3531"}],"wp:attachment":[{"href":"https:\/\/www.thomazine.com.br\/advocacia\/wp-json\/wp\/v2\/media?parent=3082"}],"curies":[{"name":"wp","href":"https:\/\/api.w.org\/{rel}","templated":true}]}}